{"id":10,"date":"2026-02-06T00:05:12","date_gmt":"2026-02-06T00:05:12","guid":{"rendered":"https:\/\/biovein.canaleviva.com\/?page_id=10"},"modified":"2026-02-18T13:05:20","modified_gmt":"2026-02-18T13:05:20","slug":"elementor-10","status":"publish","type":"page","link":"https:\/\/biovein.canaleviva.com\/?page_id=10","title":{"rendered":"BIOVEIN"},"content":{"rendered":"\t\t<div data-elementor-type=\"wp-page\" data-elementor-id=\"10\" class=\"elementor elementor-10\">\n\t\t\t\t<div class=\"elementor-element elementor-element-927be89 e-flex e-con-boxed e-con e-parent\" data-id=\"927be89\" data-element_type=\"container\" data-e-type=\"container\">\n\t\t\t\t\t<div class=\"e-con-inner\">\n\t\t\t\t<div class=\"elementor-element elementor-element-d61a23d elementor-widget elementor-widget-heading\" data-id=\"d61a23d\" data-element_type=\"widget\" data-e-type=\"widget\" data-widget_type=\"heading.default\">\n\t\t\t\t\t<h5 class=\"elementor-heading-title elementor-size-default\">Se suas pernas doem, incham ou t\u00eam varizes?<br>Voc\u00ea precisa assistir esse v\u00eddeo <span style=\"letter-spacing: -0.1px\"><img decoding=\"async\" role=\"img\" class=\"emoji\" alt=\"\ud83d\udc47\" src=\"https:\/\/s.w.org\/images\/core\/emoji\/17.0.2\/svg\/1f447.svg\"><\/span><\/h5>\t\t\t\t<\/div>\n\t\t\t\t\t<\/div>\n\t\t\t\t<\/div>\n\t\t<div class=\"elementor-element elementor-element-22236e7 e-flex e-con-boxed e-con e-parent\" data-id=\"22236e7\" data-element_type=\"container\" data-e-type=\"container\">\n\t\t\t\t\t<div class=\"e-con-inner\">\n\t\t\t\t<div class=\"elementor-element elementor-element-cea507f elementor-align-center elementor-widget elementor-widget-button\" data-id=\"cea507f\" data-element_type=\"widget\" data-e-type=\"widget\" data-widget_type=\"button.default\">\n\t\t\t\t\t\t\t\t\t\t<a class=\"elementor-button elementor-button-link elementor-size-sm\" href=\"https:\/\/app.coinzz.com.br\/checkout\/ld2iq-4-unidades-promocao-biovein-capsula-e-conta-gotas-0\/698b3eb0e8ee4\">\n\t\t\t\t\t\t<span class=\"elementor-button-content-wrapper\">\n\t\t\t\t\t\t\t\t\t<span class=\"elementor-button-text\">Quero cuidar das minhas pernas!<\/span>\n\t\t\t\t\t<\/span>\n\t\t\t\t\t<\/a>\n\t\t\t\t\t\t\t\t<\/div>\n\t\t\t\t\t<\/div>\n\t\t\t\t<\/div>\n\t\t<div class=\"elementor-element elementor-element-1ae139f e-con-full e-flex e-con e-parent\" data-id=\"1ae139f\" data-element_type=\"container\" data-e-type=\"container\">\n\t\t\t\t<div class=\"elementor-element elementor-element-df82f84 elementor-widget elementor-widget-video\" data-id=\"df82f84\" data-element_type=\"widget\" data-e-type=\"widget\" data-settings=\"{&quot;video_type&quot;:&quot;vimeo&quot;}\" data-widget_type=\"video.default\">\n\t\t\t\t\t\t\t<div class=\"elementor-wrapper elementor-open-inline\">\n\t\t\t<iframe class=\"elementor-video-iframe\" allowfullscreen allow=\"clipboard-write\" title=\"Reprodutor de v\u00eddeo vimeo\" src=\"https:\/\/player.vimeo.com\/video\/1162816657?color&amp;autopause=0&amp;loop=0&amp;muted=0&amp;title=0&amp;portrait=0&amp;byline=0#t=\"><\/iframe>\t\t<\/div>\n\t\t\t\t\t\t<\/div>\n\t\t\t\t<\/div>\n\t\t<div class=\"elementor-element elementor-element-9e9d96d e-flex e-con-boxed e-con e-parent\" data-id=\"9e9d96d\" data-element_type=\"container\" data-e-type=\"container\">\n\t\t\t\t\t<div class=\"e-con-inner\">\n\t\t\t\t<div class=\"elementor-element elementor-element-caac4ca elementor-align-center elementor-widget elementor-widget-button\" data-id=\"caac4ca\" data-element_type=\"widget\" data-e-type=\"widget\" data-widget_type=\"button.default\">\n\t\t\t\t\t\t\t\t\t\t<a class=\"elementor-button elementor-button-link elementor-size-sm\" href=\"https:\/\/app.coinzz.com.br\/checkout\/ld2iq-4-unidades-promocao-biovein-capsula-e-conta-gotas-0\/698b3eb0e8ee4\">\n\t\t\t\t\t\t<span class=\"elementor-button-content-wrapper\">\n\t\t\t\t\t\t\t\t\t<span class=\"elementor-button-text\">Quero aliviar minhas pernas agora<\/span>\n\t\t\t\t\t<\/span>\n\t\t\t\t\t<\/a>\n\t\t\t\t\t\t\t\t<\/div>\n\t\t\t\t\t<\/div>\n\t\t\t\t<\/div>\n\t\t<div class=\"elementor-element elementor-element-df4645f e-flex e-con-boxed e-con e-parent\" data-id=\"df4645f\" data-element_type=\"container\" data-e-type=\"container\">\n\t\t\t\t\t<div class=\"e-con-inner\">\n\t\t\t\t<div class=\"elementor-element elementor-element-cf26ca8 elementor-widget elementor-widget-image\" data-id=\"cf26ca8\" data-element_type=\"widget\" data-e-type=\"widget\" data-widget_type=\"image.default\">\n\t\t\t\t\t\t\t\t\t\t\t\t\t\t\t\t<a href=\"https:\/\/app.coinzz.com.br\/checkout\/ld2iq-4-unidades-promocao-biovein-capsula-e-conta-gotas-0\/698b3eb0e8ee4\">\n\t\t\t\t\t\t\t<img fetchpriority=\"high\" decoding=\"async\" width=\"1024\" height=\"683\" src=\"https:\/\/biovein.canaleviva.com\/wp-content\/uploads\/2026\/02\/ChatGPT-Image-7-de-fev.-de-2026-19_56_27-1024x683.png\" class=\"attachment-large size-large wp-image-58\" alt=\"\" srcset=\"https:\/\/biovein.canaleviva.com\/wp-content\/uploads\/2026\/02\/ChatGPT-Image-7-de-fev.-de-2026-19_56_27-1024x683.png 1024w, https:\/\/biovein.canaleviva.com\/wp-content\/uploads\/2026\/02\/ChatGPT-Image-7-de-fev.-de-2026-19_56_27-300x200.png 300w, https:\/\/biovein.canaleviva.com\/wp-content\/uploads\/2026\/02\/ChatGPT-Image-7-de-fev.-de-2026-19_56_27-768x512.png 768w, https:\/\/biovein.canaleviva.com\/wp-content\/uploads\/2026\/02\/ChatGPT-Image-7-de-fev.-de-2026-19_56_27.png 1536w\" sizes=\"(max-width: 1024px) 100vw, 1024px\" \/>\t\t\t\t\t\t\t\t<\/a>\n\t\t\t\t\t\t\t\t\t\t\t\t\t\t\t<\/div>\n\t\t\t\t\t<\/div>\n\t\t\t\t<\/div>\n\t\t<div class=\"elementor-element elementor-element-9641a72 e-flex e-con-boxed e-con e-parent\" data-id=\"9641a72\" data-element_type=\"container\" data-e-type=\"container\">\n\t\t\t\t\t<div class=\"e-con-inner\">\n\t\t\t\t<div class=\"elementor-element elementor-element-0bc05c9 elementor-widget elementor-widget-image\" data-id=\"0bc05c9\" data-element_type=\"widget\" data-e-type=\"widget\" data-widget_type=\"image.default\">\n\t\t\t\t\t\t\t\t\t\t\t\t\t\t\t\t<a href=\"https:\/\/app.coinzz.com.br\/checkout\/ld2iq-4-unidades-promocao-biovein-capsula-e-conta-gotas-0\/698b3eb0e8ee4\">\n\t\t\t\t\t\t\t<img decoding=\"async\" width=\"1024\" height=\"683\" src=\"https:\/\/biovein.canaleviva.com\/wp-content\/uploads\/2026\/02\/ChatGPT-Image-7-de-fev.-de-2026-19_19_20-1024x683.png\" class=\"attachment-large size-large wp-image-50\" alt=\"\" srcset=\"https:\/\/biovein.canaleviva.com\/wp-content\/uploads\/2026\/02\/ChatGPT-Image-7-de-fev.-de-2026-19_19_20-1024x683.png 1024w, https:\/\/biovein.canaleviva.com\/wp-content\/uploads\/2026\/02\/ChatGPT-Image-7-de-fev.-de-2026-19_19_20-300x200.png 300w, https:\/\/biovein.canaleviva.com\/wp-content\/uploads\/2026\/02\/ChatGPT-Image-7-de-fev.-de-2026-19_19_20-768x512.png 768w, https:\/\/biovein.canaleviva.com\/wp-content\/uploads\/2026\/02\/ChatGPT-Image-7-de-fev.-de-2026-19_19_20.png 1536w\" sizes=\"(max-width: 1024px) 100vw, 1024px\" \/>\t\t\t\t\t\t\t\t<\/a>\n\t\t\t\t\t\t\t\t\t\t\t\t\t\t\t<\/div>\n\t\t\t\t\t<\/div>\n\t\t\t\t<\/div>\n\t\t<div class=\"elementor-element elementor-element-790ba12 e-flex e-con-boxed e-con e-parent\" data-id=\"790ba12\" data-element_type=\"container\" data-e-type=\"container\">\n\t\t\t\t\t<div class=\"e-con-inner\">\n\t\t\t\t<div class=\"elementor-element elementor-element-11ec781 elementor-widget elementor-widget-image\" data-id=\"11ec781\" data-element_type=\"widget\" data-e-type=\"widget\" data-widget_type=\"image.default\">\n\t\t\t\t\t\t\t\t\t\t\t\t\t\t\t\t<a href=\"https:\/\/app.coinzz.com.br\/checkout\/ld2iq-4-unidades-promocao-biovein-capsula-e-conta-gotas-0\/698b3eb0e8ee4\">\n\t\t\t\t\t\t\t<img decoding=\"async\" width=\"1024\" height=\"598\" src=\"https:\/\/biovein.canaleviva.com\/wp-content\/uploads\/2026\/02\/BIOVEIN-COMPOSTO-1024x598.jpg\" class=\"attachment-large size-large wp-image-53\" alt=\"\" srcset=\"https:\/\/biovein.canaleviva.com\/wp-content\/uploads\/2026\/02\/BIOVEIN-COMPOSTO-1024x598.jpg 1024w, https:\/\/biovein.canaleviva.com\/wp-content\/uploads\/2026\/02\/BIOVEIN-COMPOSTO-300x175.jpg 300w, https:\/\/biovein.canaleviva.com\/wp-content\/uploads\/2026\/02\/BIOVEIN-COMPOSTO-768x448.jpg 768w, https:\/\/biovein.canaleviva.com\/wp-content\/uploads\/2026\/02\/BIOVEIN-COMPOSTO.jpg 1237w\" sizes=\"(max-width: 1024px) 100vw, 1024px\" \/>\t\t\t\t\t\t\t\t<\/a>\n\t\t\t\t\t\t\t\t\t\t\t\t\t\t\t<\/div>\n\t\t\t\t\t<\/div>\n\t\t\t\t<\/div>\n\t\t<div class=\"elementor-element elementor-element-9ca7013 e-flex e-con-boxed e-con e-parent\" data-id=\"9ca7013\" data-element_type=\"container\" data-e-type=\"container\">\n\t\t\t\t\t<div class=\"e-con-inner\">\n\t\t<div class=\"elementor-element elementor-element-7718b6d e-con-full e-flex e-con e-child\" data-id=\"7718b6d\" data-element_type=\"container\" data-e-type=\"container\">\n\t\t\t\t<div class=\"elementor-element elementor-element-61e34cb elementor-widget-mobile__width-initial elementor-widget elementor-widget-image\" data-id=\"61e34cb\" data-element_type=\"widget\" data-e-type=\"widget\" data-widget_type=\"image.default\">\n\t\t\t\t\t\t\t\t\t\t\t\t\t\t\t\t<a href=\"https:\/\/app.coinzz.com.br\/checkout\/ld2iq-4-unidades-promocao-biovein-capsula-e-conta-gotas-0\/698b3eb0e8ee4\">\n\t\t\t\t\t\t\t<img loading=\"lazy\" decoding=\"async\" width=\"225\" height=\"225\" src=\"https:\/\/biovein.canaleviva.com\/wp-content\/uploads\/2026\/02\/images.jpg\" class=\"attachment-full size-full wp-image-51\" alt=\"\" srcset=\"https:\/\/biovein.canaleviva.com\/wp-content\/uploads\/2026\/02\/images.jpg 225w, https:\/\/biovein.canaleviva.com\/wp-content\/uploads\/2026\/02\/images-150x150.jpg 150w\" sizes=\"(max-width: 225px) 100vw, 225px\" \/>\t\t\t\t\t\t\t\t<\/a>\n\t\t\t\t\t\t\t\t\t\t\t\t\t\t\t<\/div>\n\t\t\t\t<\/div>\n\t\t<div class=\"elementor-element elementor-element-3ba68ec e-con-full e-flex e-con e-child\" data-id=\"3ba68ec\" data-element_type=\"container\" data-e-type=\"container\">\n\t\t\t\t<div class=\"elementor-element elementor-element-7512e6f elementor-widget elementor-widget-text-editor\" data-id=\"7512e6f\" data-element_type=\"widget\" data-e-type=\"widget\" data-widget_type=\"text-editor.default\">\n\t\t\t\t\t\t\t\t\t<p>Ol\u00e1, eu sou o Dr. Fagner Carvalho.<br data-start=\"429\" data-end=\"432\" \/>Ao longo da minha trajet\u00f3ria, acompanhei muitas pessoas que sofrem diariamente com <strong data-start=\"515\" data-end=\"579\">pernas cansadas, dores, c\u00e2imbras, varizes e sensa\u00e7\u00e3o de peso<\/strong>.<br data-start=\"580\" data-end=\"583\" \/>Meu objetivo aqui \u00e9 orientar voc\u00ea com informa\u00e7\u00e3o clara e respons\u00e1vel, ajudando a entender como cuidar melhor das suas pernas no dia a dia.<\/p>\t\t\t\t\t\t\t\t<\/div>\n\t\t\t\t<div class=\"elementor-element elementor-element-ff94adf elementor-align-center elementor-mobile-align-center elementor-widget-mobile__width-initial elementor-widget elementor-widget-button\" data-id=\"ff94adf\" data-element_type=\"widget\" data-e-type=\"widget\" data-widget_type=\"button.default\">\n\t\t\t\t\t\t\t\t\t\t<a class=\"elementor-button elementor-button-link elementor-size-sm\" href=\"https:\/\/wa.me\/55011918315702?text=Assisti%20o%20v\u00eddeo%20e%20quero%20saber%20mais\">\n\t\t\t\t\t\t<span class=\"elementor-button-content-wrapper\">\n\t\t\t\t\t\t\t\t\t<span class=\"elementor-button-text\">Falar agora com o Dr. Fagner no WhatsApp<\/span>\n\t\t\t\t\t<\/span>\n\t\t\t\t\t<\/a>\n\t\t\t\t\t\t\t\t<\/div>\n\t\t\t\t<div class=\"elementor-element elementor-element-732f784 elementor-widget elementor-widget-image\" data-id=\"732f784\" data-element_type=\"widget\" data-e-type=\"widget\" data-widget_type=\"image.default\">\n\t\t\t\t\t\t\t\t\t\t\t\t\t\t\t\t<a href=\"https:\/\/app.coinzz.com.br\/checkout\/ld2iq-4-unidades-promocao-biovein-capsula-e-conta-gotas-0\/698b3eb0e8ee4\">\n\t\t\t\t\t\t\t<img loading=\"lazy\" decoding=\"async\" width=\"1024\" height=\"536\" src=\"https:\/\/biovein.canaleviva.com\/wp-content\/uploads\/2026\/02\/BIOVEIN-2-1024x536.jpg\" class=\"attachment-large size-large wp-image-54\" alt=\"\" srcset=\"https:\/\/biovein.canaleviva.com\/wp-content\/uploads\/2026\/02\/BIOVEIN-2-1024x536.jpg 1024w, https:\/\/biovein.canaleviva.com\/wp-content\/uploads\/2026\/02\/BIOVEIN-2-300x157.jpg 300w, https:\/\/biovein.canaleviva.com\/wp-content\/uploads\/2026\/02\/BIOVEIN-2-768x402.jpg 768w, https:\/\/biovein.canaleviva.com\/wp-content\/uploads\/2026\/02\/BIOVEIN-2.jpg 1529w\" sizes=\"(max-width: 1024px) 100vw, 1024px\" \/>\t\t\t\t\t\t\t\t<\/a>\n\t\t\t\t\t\t\t\t\t\t\t\t\t\t\t<\/div>\n\t\t\t\t<\/div>\n\t\t\t\t\t<\/div>\n\t\t\t\t<\/div>\n\t\t<div class=\"elementor-element elementor-element-547e7c6 e-flex e-con-boxed e-con e-parent\" data-id=\"547e7c6\" data-element_type=\"container\" data-e-type=\"container\">\n\t\t\t\t\t<div class=\"e-con-inner\">\n\t\t\t\t<div class=\"elementor-element elementor-element-8eb68c0 elementor-widget elementor-widget-text-editor\" data-id=\"8eb68c0\" data-element_type=\"widget\" data-e-type=\"widget\" data-widget_type=\"text-editor.default\">\n\t\t\t\t\t\t\t\t\t<h6>Todos os direitos reservados<\/h6><h6>2026 Biovein<\/h6>\t\t\t\t\t\t\t\t<\/div>\n\t\t\t\t\t<\/div>\n\t\t\t\t<\/div>\n\t\t\t\t<\/div>\n\t\t","protected":false},"excerpt":{"rendered":"<p>Se suas pernas doem, incham ou t\u00eam varizes?Voc\u00ea precisa assistir esse v\u00eddeo Quero cuidar das minhas pernas! https:\/\/vimeo.com\/1162816657?fl=ip&#038;fe=ec Quero aliviar minhas pernas agora Ol\u00e1, eu sou o Dr. Fagner Carvalho.Ao longo da minha trajet\u00f3ria, acompanhei muitas pessoas que sofrem diariamente com pernas cansadas, dores, c\u00e2imbras, varizes e sensa\u00e7\u00e3o de peso.Meu objetivo aqui \u00e9 orientar voc\u00ea [&hellip;]<\/p>\n","protected":false},"author":1,"featured_media":0,"parent":0,"menu_order":0,"comment_status":"closed","ping_status":"closed","template":"elementor_canvas","meta":{"footnotes":""},"class_list":["post-10","page","type-page","status-publish","hentry"],"_hostinger_reach_plugin_has_subscription_block":false,"_hostinger_reach_plugin_is_elementor":false,"_links":{"self":[{"href":"https:\/\/biovein.canaleviva.com\/index.php?rest_route=\/wp\/v2\/pages\/10","targetHints":{"allow":["GET"]}}],"collection":[{"href":"https:\/\/biovein.canaleviva.com\/index.php?rest_route=\/wp\/v2\/pages"}],"about":[{"href":"https:\/\/biovein.canaleviva.com\/index.php?rest_route=\/wp\/v2\/types\/page"}],"author":[{"embeddable":true,"href":"https:\/\/biovein.canaleviva.com\/index.php?rest_route=\/wp\/v2\/users\/1"}],"replies":[{"embeddable":true,"href":"https:\/\/biovein.canaleviva.com\/index.php?rest_route=%2Fwp%2Fv2%2Fcomments&post=10"}],"version-history":[{"count":44,"href":"https:\/\/biovein.canaleviva.com\/index.php?rest_route=\/wp\/v2\/pages\/10\/revisions"}],"predecessor-version":[{"id":70,"href":"https:\/\/biovein.canaleviva.com\/index.php?rest_route=\/wp\/v2\/pages\/10\/revisions\/70"}],"wp:attachment":[{"href":"https:\/\/biovein.canaleviva.com\/index.php?rest_route=%2Fwp%2Fv2%2Fmedia&parent=10"}],"curies":[{"name":"wp","href":"https:\/\/api.w.org\/{rel}","templated":true}]}}